{"id":5653,"date":"2024-10-07T14:25:00","date_gmt":"2024-10-07T18:25:00","guid":{"rendered":"https:\/\/icam-cimu.ca\/?page_id=5653"},"modified":"2026-04-08T15:51:42","modified_gmt":"2026-04-08T19:51:42","slug":"delegate-accommodations","status":"publish","type":"page","link":"https:\/\/icam-cimu.ca\/fr\/delegate-accommodations\/","title":{"rendered":"H\u00e9bergement des d\u00e9l\u00e9gu\u00e9"},"content":{"rendered":"<div data-elementor-type=\"wp-page\" data-elementor-id=\"5653\" class=\"elementor elementor-5653\" data-elementor-post-type=\"page\">\n\t\t\t\t\t\t<section class=\"elementor-section elementor-top-section elementor-element elementor-element-504c5673 elementor-section-height-min-height elementor-section-items-top elementor-section-boxed elementor-section-height-default\" data-id=\"504c5673\" data-element_type=\"section\" data-e-type=\"section\" data-settings=\"{&quot;background_background&quot;:&quot;video&quot;,&quot;background_video_link&quot;:&quot;https:\\\/\\\/icam-cimu.ca\\\/wp-content\\\/uploads\\\/2023\\\/01\\\/Full-Comp-Background-Bilingual_Loop-3-Rows.mp4&quot;,&quot;jet_parallax_layout_list&quot;:[]}\">\n\t\t\t\t\t\t\t\t<div class=\"elementor-background-video-container elementor-hidden-mobile\">\n\t\t\t\t\t\t\t\t\t\t\t\t\t<video class=\"elementor-background-video-hosted\" role=\"presentation\" autoplay muted playsinline loop><\/video>\n\t\t\t\t\t\t\t\t\t\t\t<\/div>\n\t\t\t\t\t\t\t\t<div class=\"elementor-container elementor-column-gap-default\">\n\t\t\t\t\t<div class=\"elementor-column elementor-col-100 elementor-top-column elementor-element elementor-element-606f0067\" data-id=\"606f0067\" data-element_type=\"column\" data-e-type=\"column\">\n\t\t\t<div class=\"elementor-widget-wrap\">\n\t\t\t\t\t\t\t<\/div>\n\t\t<\/div>\n\t\t\t\t\t<\/div>\n\t\t<\/section>\n\t\t\t\t<section class=\"elementor-section elementor-top-section elementor-element elementor-element-507682ad elementor-section-boxed elementor-section-height-default elementor-section-height-default\" data-id=\"507682ad\" data-element_type=\"section\" data-e-type=\"section\" data-settings=\"{&quot;jet_parallax_layout_list&quot;:[]}\">\n\t\t\t\t\t\t<div class=\"elementor-container elementor-column-gap-default\">\n\t\t\t\t\t<div class=\"elementor-column elementor-col-100 elementor-top-column elementor-element elementor-element-4a14b4ce\" data-id=\"4a14b4ce\" data-element_type=\"column\" data-e-type=\"column\">\n\t\t\t<div class=\"elementor-widget-wrap elementor-element-populated\">\n\t\t\t\t\t\t<section class=\"elementor-section elementor-inner-section elementor-element elementor-element-468c438d elementor-section-height-min-height elementor-section-boxed elementor-section-height-default elementor-invisible\" data-id=\"468c438d\" data-element_type=\"section\" data-e-type=\"section\" data-settings=\"{&quot;animation&quot;:&quot;fadeInUp&quot;,&quot;jet_parallax_layout_list&quot;:[]}\">\n\t\t\t\t\t\t<div class=\"elementor-container elementor-column-gap-default\">\n\t\t\t\t\t<div class=\"elementor-column elementor-col-100 elementor-inner-column elementor-element elementor-element-790ef779\" data-id=\"790ef779\" data-element_type=\"column\" data-e-type=\"column\" data-settings=\"{&quot;background_background&quot;:&quot;classic&quot;}\">\n\t\t\t<div class=\"elementor-widget-wrap elementor-element-populated\">\n\t\t\t\t\t\t<div class=\"elementor-element elementor-element-62ba4998 elementor-widget elementor-widget-heading\" data-id=\"62ba4998\" data-element_type=\"widget\" data-e-type=\"widget\" data-widget_type=\"heading.default\">\n\t\t\t\t<div class=\"elementor-widget-container\">\n\t\t\t\t\t<h6 class=\"elementor-heading-title elementor-size-default\">Delegate accommodations<\/h6>\t\t\t\t<\/div>\n\t\t\t\t<\/div>\n\t\t\t\t<div class=\"elementor-element elementor-element-fac9ac2 elementor-widget elementor-widget-heading\" data-id=\"fac9ac2\" data-element_type=\"widget\" data-e-type=\"widget\" data-widget_type=\"heading.default\">\n\t\t\t\t<div class=\"elementor-widget-container\">\n\t\t\t\t\t<h2 class=\"elementor-heading-title elementor-size-default\">H\u00e9bergement des d\u00e9l\u00e9gu\u00e9<\/h2>\t\t\t\t<\/div>\n\t\t\t\t<\/div>\n\t\t\t\t<div class=\"elementor-element elementor-element-c4fa432 elementor-widget elementor-widget-spacer\" data-id=\"c4fa432\" data-element_type=\"widget\" data-e-type=\"widget\" data-widget_type=\"spacer.default\">\n\t\t\t\t<div class=\"elementor-widget-container\">\n\t\t\t\t\t\t\t<div class=\"elementor-spacer\">\n\t\t\t<div class=\"elementor-spacer-inner\"><\/div>\n\t\t<\/div>\n\t\t\t\t\t\t<\/div>\n\t\t\t\t<\/div>\n\t\t\t\t<div class=\"elementor-element elementor-element-11ff057 elementor-widget elementor-widget-text-editor\" data-id=\"11ff057\" data-element_type=\"widget\" data-e-type=\"widget\" data-widget_type=\"text-editor.default\">\n\t\t\t\t<div class=\"elementor-widget-container\">\n\t\t\t\t\t\t\t\t\t<p>Profitez de tarifs h\u00f4teliers sp\u00e9ciaux et r\u00e9duits (exclusivement r\u00e9serv\u00e9s \u00e0 nos d\u00e9l\u00e9gu\u00e9s) en r\u00e9servant via les liens fournis ci-dessous.\u00a0<\/p>\t\t\t\t\t\t\t\t<\/div>\n\t\t\t\t<\/div>\n\t\t\t\t<div class=\"elementor-element elementor-element-41d31a23 elementor-widget__width-initial elementor-widget elementor-widget-text-editor\" data-id=\"41d31a23\" data-element_type=\"widget\" data-e-type=\"widget\" data-widget_type=\"text-editor.default\">\n\t\t\t\t<div class=\"elementor-widget-container\">\n\t\t\t\t\t\t\t\t\t<style><span data-mce-type=\"bookmark\" style=\"display: inline-block; width: 0px; overflow: hidden; line-height: 0;\" class=\"mce_SELRES_start\">\ufeff<\/span><span data-mce-type=\"bookmark\" style=\"display: inline-block; width: 0px; overflow: hidden; line-height: 0;\" class=\"mce_SELRES_start\">\ufeff<\/span><span data-mce-type=\"bookmark\" style=\"display: inline-block; width: 0px; overflow: hidden; line-height: 0;\" class=\"mce_SELRES_start\">\ufeff<\/span><span data-mce-type=\"bookmark\" style=\"display: inline-block; width: 0px; overflow: hidden; line-height: 0;\" class=\"mce_SELRES_start\">\ufeff<\/span><span data-mce-type=\"bookmark\" style=\"display: inline-block; width: 0px; overflow: hidden; line-height: 0;\" class=\"mce_SELRES_start\">\ufeff<\/span><br \/>  table tbody tr td a:hover {<br \/>    color: #ec3e36 !important;<br \/>  }<br \/><\/style>\n<table style=\"width: 314px; border-collapse: collapse; height: 437px;\">\n<tbody>\n<tr style=\"background-color: #ec3e36; height: 28px;\">\n<td style=\"padding: 4px 8px;\" width=\"252\">\n<h6 style=\"margin: 0; font-size: 14px; color: white;\">Lien pour r\u00e9servations<\/h6>\n<\/td>\n<td style=\"padding: 4px 8px;\" width=\"295\">\n<h6 style=\"margin: 0; font-size: 14px; color: white;\">Adresse<\/h6>\n<\/td>\n<\/tr>\n<tr style=\"height: 28px;\">\n<td style=\"padding: 4px 8px;\" width=\"252\">\n<h4 style=\"margin: 0; font-size: 14px;\"><a href=\"https:\/\/www.marriott.com\/event-reservations\/reservation-link.mi?id=1748448433716&amp;key=GRP&amp;guestreslink2=true&amp;app=resvlink\" target=\"_blank\" rel=\"noopener\">The Westin Ottawa<\/a><\/h4>\n<\/td>\n<td style=\"padding: 4px 8px;\" width=\"295\">11 Colonel By Dr\nOttawa, ON K1N 9J1<\/td>\n<\/tr>\n<tr style=\"height: 28px;\">\n<td style=\"padding: 4px 8px;\" width=\"252\">\n<h6 style=\"margin: 0; font-size: 14px;\"><a href=\"https:\/\/www.hilton.com\/en\/attend-my-event\/yowoddt-90d-976bb356-aaac-4349-8292-68c146a145cc\/\" target=\"_blank\" rel=\"noopener\">DoubleTree by Hilton Ottawa Downtown<\/a><\/h6>\n<\/td>\n<td style=\"padding: 4px 8px;\" width=\"295\">33 Nicholas Street\nOttawa, ON K1N 9M7<\/td>\n<\/tr>\n<tr style=\"height: 28px;\">\n<td style=\"padding: 4px 8px;\" width=\"252\">\n<h6 style=\"margin: 0; font-size: 14px;\"><a href=\"https:\/\/www.hyatt.com\/en-US\/group-booking\/YOWAZ\/G-AFCM\" target=\"_blank\" rel=\"noopener\">Andaz Ottawa ByWard Market<\/a><\/h6>\n<\/td>\n<td style=\"padding: 4px 8px;\" width=\"295\">325 Dalhousie Street\nOttawa, Ontario K1N 7G1<\/td>\n<\/tr>\n<tr style=\"height: 28px;\">\n<td style=\"padding: 4px 8px;\" width=\"252\">\n<h4>COMPLET<\/h4>\n<h5 style=\"margin: 0; font-size: 14px;\"><a href=\"https:\/\/book.passkey.com\/event\/51025129\/owner\/5915\/home\" target=\"_blank\" rel=\"noopener\">Fairmont Ch\u00e2teau Laurier<\/a><\/h5>\n<\/td>\n<td style=\"padding: 4px 8px;\" width=\"295\">1 Rideau St,\nOttawa, ON K1N 8S7<\/td>\n<\/tr>\n\n<\/tbody>\n<\/table>\t\t\t\t\t\t\t\t<\/div>\n\t\t\t\t<\/div>\n\t\t\t\t\t<\/div>\n\t\t<\/div>\n\t\t\t\t\t<\/div>\n\t\t<\/section>\n\t\t\t\t\t<\/div>\n\t\t<\/div>\n\t\t\t\t\t<\/div>\n\t\t<\/section>\n\t\t\t\t<\/div>","protected":false},"excerpt":{"rendered":"<p>Delegate accommodations Delegate Accommodations Take advantage of special discounted hotel rates (exclusively for our delegates) when you book using the links provided below.\u00a0 Booking Link Location The Westin Ottawa 11 Colonel By Dr Ottawa, ON K1N 9J1 DoubleTree by Hilton Ottawa Downtown 33 Nicholas Street Ottawa, ON K1N 9M7 Andaz Ottawa ByWard Market 325 Dalhousie [&hellip;]<\/p>\n","protected":false},"author":6,"featured_media":0,"parent":0,"menu_order":0,"comment_status":"closed","ping_status":"closed","template":"","meta":{"footnotes":""},"class_list":["post-5653","page","type-page","status-publish","hentry"],"aioseo_notices":[],"_links":{"self":[{"href":"https:\/\/icam-cimu.ca\/fr\/wp-json\/wp\/v2\/pages\/5653","targetHints":{"allow":["GET"]}}],"collection":[{"href":"https:\/\/icam-cimu.ca\/fr\/wp-json\/wp\/v2\/pages"}],"about":[{"href":"https:\/\/icam-cimu.ca\/fr\/wp-json\/wp\/v2\/types\/page"}],"author":[{"embeddable":true,"href":"https:\/\/icam-cimu.ca\/fr\/wp-json\/wp\/v2\/users\/6"}],"replies":[{"embeddable":true,"href":"https:\/\/icam-cimu.ca\/fr\/wp-json\/wp\/v2\/comments?post=5653"}],"version-history":[{"count":139,"href":"https:\/\/icam-cimu.ca\/fr\/wp-json\/wp\/v2\/pages\/5653\/revisions"}],"predecessor-version":[{"id":9018,"href":"https:\/\/icam-cimu.ca\/fr\/wp-json\/wp\/v2\/pages\/5653\/revisions\/9018"}],"wp:attachment":[{"href":"https:\/\/icam-cimu.ca\/fr\/wp-json\/wp\/v2\/media?parent=5653"}],"curies":[{"name":"wp","href":"https:\/\/api.w.org\/{rel}","templated":true}]}}