{"id":5617,"date":"2024-10-03T12:53:43","date_gmt":"2024-10-03T16:53:43","guid":{"rendered":"https:\/\/icam-cimu.ca\/?page_id=5617"},"modified":"2024-10-04T09:43:56","modified_gmt":"2024-10-04T13:43:56","slug":"registration-for-icam-2025","status":"publish","type":"page","link":"https:\/\/icam-cimu.ca\/fr\/registration-for-icam-2025\/","title":{"rendered":"Registration for ICAM 2025"},"content":{"rendered":"<div data-elementor-type=\"wp-page\" data-elementor-id=\"5617\" class=\"elementor elementor-5617\" data-elementor-post-type=\"page\">\n\t\t\t\t\t\t<section class=\"elementor-section elementor-top-section elementor-element elementor-element-7834911b elementor-section-height-min-height elementor-section-items-top elementor-section-boxed elementor-section-height-default\" data-id=\"7834911b\" data-element_type=\"section\" data-e-type=\"section\" data-settings=\"{&quot;background_background&quot;:&quot;video&quot;,&quot;background_video_link&quot;:&quot;https:\\\/\\\/icam-cimu.ca\\\/wp-content\\\/uploads\\\/2023\\\/01\\\/Full-Comp-Background-Bilingual_Loop-3-Rows.mp4&quot;,&quot;jet_parallax_layout_list&quot;:[]}\">\n\t\t\t\t\t\t\t\t<div class=\"elementor-background-video-container elementor-hidden-mobile\">\n\t\t\t\t\t\t\t\t\t\t\t\t\t<video class=\"elementor-background-video-hosted\" role=\"presentation\" autoplay muted playsinline loop><\/video>\n\t\t\t\t\t\t\t\t\t\t\t<\/div>\n\t\t\t\t\t\t\t\t<div class=\"elementor-container elementor-column-gap-default\">\n\t\t\t\t\t<div class=\"elementor-column elementor-col-100 elementor-top-column elementor-element elementor-element-58082fe0\" data-id=\"58082fe0\" data-element_type=\"column\" data-e-type=\"column\">\n\t\t\t<div class=\"elementor-widget-wrap\">\n\t\t\t\t\t\t\t<\/div>\n\t\t<\/div>\n\t\t\t\t\t<\/div>\n\t\t<\/section>\n\t\t\t\t<section class=\"elementor-section elementor-top-section elementor-element elementor-element-1f78d166 elementor-section-boxed elementor-section-height-default elementor-section-height-default\" data-id=\"1f78d166\" data-element_type=\"section\" data-e-type=\"section\" data-settings=\"{&quot;jet_parallax_layout_list&quot;:[]}\">\n\t\t\t\t\t\t<div class=\"elementor-container elementor-column-gap-default\">\n\t\t\t\t\t<div class=\"elementor-column elementor-col-100 elementor-top-column elementor-element elementor-element-7a8e9f40\" data-id=\"7a8e9f40\" data-element_type=\"column\" data-e-type=\"column\">\n\t\t\t<div class=\"elementor-widget-wrap elementor-element-populated\">\n\t\t\t\t\t\t<section class=\"elementor-section elementor-inner-section elementor-element elementor-element-6aa57d48 elementor-section-height-min-height elementor-section-boxed elementor-section-height-default elementor-invisible\" data-id=\"6aa57d48\" data-element_type=\"section\" data-e-type=\"section\" data-settings=\"{&quot;animation&quot;:&quot;fadeInUp&quot;,&quot;jet_parallax_layout_list&quot;:[]}\">\n\t\t\t\t\t\t<div class=\"elementor-container elementor-column-gap-default\">\n\t\t\t\t\t<div class=\"elementor-column elementor-col-100 elementor-inner-column elementor-element elementor-element-703d4fc9\" data-id=\"703d4fc9\" data-element_type=\"column\" data-e-type=\"column\" data-settings=\"{&quot;background_background&quot;:&quot;classic&quot;}\">\n\t\t\t<div class=\"elementor-widget-wrap elementor-element-populated\">\n\t\t\t\t\t\t<div class=\"elementor-element elementor-element-7bcc4b7e elementor-widget elementor-widget-heading\" data-id=\"7bcc4b7e\" data-element_type=\"widget\" data-e-type=\"widget\" data-widget_type=\"heading.default\">\n\t\t\t\t<div class=\"elementor-widget-container\">\n\t\t\t\t\t<h2 class=\"elementor-heading-title elementor-size-default\">L'inscription des exposants \u00e0 CIMU 2025 est en cours !<\/h2>\t\t\t\t<\/div>\n\t\t\t\t<\/div>\n\t\t\t\t<div class=\"elementor-element elementor-element-3edadb02 elementor-widget elementor-widget-text-editor\" data-id=\"3edadb02\" data-element_type=\"widget\" data-e-type=\"widget\" data-widget_type=\"text-editor.default\">\n\t\t\t\t<div class=\"elementor-widget-container\">\n\t\t\t\t\t\t\t\t\tRejoignez-nous lors de l'\u00e9v\u00e9nement phare de la m\u00e9decine universitaire et pr\u00e9sentez votre organisation \u00e0 un public mondial de professionnels de la sant\u00e9, d'\u00e9ducateurs, d'apprenants et de leaders d'opinion. C'est l'occasion de nouer des liens, de collaborer et de participer \u00e0 un congr\u00e8s essentiel dans le domaine de la m\u00e9decine universitaire, en faisant progresser la recherche en sant\u00e9 et l'enseignement m\u00e9dical.\n<br>\nLes places sont limit\u00e9es - <a style=\"color: #eb3d35; font-weight: bold; font-size: 125%; text-transform: uppercase;\" href=\"https:\/\/na.eventscloud.com\/ereg\/index.php?eventid=812148&amp;language=fre\">inscrivez-vous<\/a> d\u00e8s aujourd'hui !\t\t\t\t\t\t\t\t<\/div>\n\t\t\t\t<\/div>\n\t\t\t\t\t<\/div>\n\t\t<\/div>\n\t\t\t\t\t<\/div>\n\t\t<\/section>\n\t\t\t\t\t<\/div>\n\t\t<\/div>\n\t\t\t\t\t<\/div>\n\t\t<\/section>\n\t\t\t\t<\/div>","protected":false},"excerpt":{"rendered":"<p>Exhibitor Registration for ICAM 2025 is Now Live! Join us at the premier event for academic medicine and showcase your organization to a global audience of healthcare professionals, educators, learners, and thought leaders. This is your chance to connect, collaborate, and be part of a pivotal Congress in the field of academic medicine, advancing health [&hellip;]<\/p>\n","protected":false},"author":6,"featured_media":0,"parent":0,"menu_order":0,"comment_status":"closed","ping_status":"closed","template":"","meta":{"footnotes":""},"class_list":["post-5617","page","type-page","status-publish","hentry"],"aioseo_notices":[],"_links":{"self":[{"href":"https:\/\/icam-cimu.ca\/fr\/wp-json\/wp\/v2\/pages\/5617","targetHints":{"allow":["GET"]}}],"collection":[{"href":"https:\/\/icam-cimu.ca\/fr\/wp-json\/wp\/v2\/pages"}],"about":[{"href":"https:\/\/icam-cimu.ca\/fr\/wp-json\/wp\/v2\/types\/page"}],"author":[{"embeddable":true,"href":"https:\/\/icam-cimu.ca\/fr\/wp-json\/wp\/v2\/users\/6"}],"replies":[{"embeddable":true,"href":"https:\/\/icam-cimu.ca\/fr\/wp-json\/wp\/v2\/comments?post=5617"}],"version-history":[{"count":10,"href":"https:\/\/icam-cimu.ca\/fr\/wp-json\/wp\/v2\/pages\/5617\/revisions"}],"predecessor-version":[{"id":5630,"href":"https:\/\/icam-cimu.ca\/fr\/wp-json\/wp\/v2\/pages\/5617\/revisions\/5630"}],"wp:attachment":[{"href":"https:\/\/icam-cimu.ca\/fr\/wp-json\/wp\/v2\/media?parent=5617"}],"curies":[{"name":"wp","href":"https:\/\/api.w.org\/{rel}","templated":true}]}}