{"id":5109,"date":"2024-02-15T15:42:40","date_gmt":"2024-02-15T20:42:40","guid":{"rendered":"https:\/\/icam-cimu.ca\/?page_id=5109"},"modified":"2024-04-30T09:00:21","modified_gmt":"2024-04-30T13:00:21","slug":"medical-education-abstract-presentation","status":"publish","type":"page","link":"https:\/\/icam-cimu.ca\/fr\/medical-education-abstract-presentation\/","title":{"rendered":"Pr\u00e9sentations de r\u00e9sum\u00e9s sur l'\u00e9ducation m\u00e9dicale 2024"},"content":{"rendered":"<div data-elementor-type=\"wp-page\" data-elementor-id=\"5109\" class=\"elementor elementor-5109\" data-elementor-post-type=\"page\">\n\t\t\t\t\t\t<section class=\"elementor-section elementor-top-section elementor-element elementor-element-306a9a70 elementor-section-height-min-height elementor-section-items-top elementor-section-boxed elementor-section-height-default\" data-id=\"306a9a70\" data-element_type=\"section\" data-e-type=\"section\" data-settings=\"{&quot;background_background&quot;:&quot;video&quot;,&quot;background_video_link&quot;:&quot;https:\\\/\\\/icam-cimu.ca\\\/wp-content\\\/uploads\\\/2023\\\/01\\\/Full-Comp-Background-Bilingual_Loop-3-Rows.mp4&quot;,&quot;jet_parallax_layout_list&quot;:[]}\">\n\t\t\t\t\t\t\t\t<div class=\"elementor-background-video-container elementor-hidden-mobile\">\n\t\t\t\t\t\t\t\t\t\t\t\t\t<video class=\"elementor-background-video-hosted\" role=\"presentation\" autoplay muted playsinline loop><\/video>\n\t\t\t\t\t\t\t\t\t\t\t<\/div>\n\t\t\t\t\t\t\t\t<div class=\"elementor-container elementor-column-gap-default\">\n\t\t\t\t\t<div class=\"elementor-column elementor-col-100 elementor-top-column elementor-element elementor-element-3c15026f\" data-id=\"3c15026f\" data-element_type=\"column\" data-e-type=\"column\">\n\t\t\t<div class=\"elementor-widget-wrap\">\n\t\t\t\t\t\t\t<\/div>\n\t\t<\/div>\n\t\t\t\t\t<\/div>\n\t\t<\/section>\n\t\t\t\t<section class=\"elementor-section elementor-top-section elementor-element elementor-element-38b45a8d elementor-section-boxed elementor-section-height-default elementor-section-height-default\" data-id=\"38b45a8d\" data-element_type=\"section\" data-e-type=\"section\" data-settings=\"{&quot;jet_parallax_layout_list&quot;:[]}\">\n\t\t\t\t\t\t<div class=\"elementor-container elementor-column-gap-default\">\n\t\t\t\t\t<div class=\"elementor-column elementor-col-100 elementor-top-column elementor-element elementor-element-4b948a57\" data-id=\"4b948a57\" data-element_type=\"column\" data-e-type=\"column\">\n\t\t\t<div class=\"elementor-widget-wrap elementor-element-populated\">\n\t\t\t\t\t\t<section class=\"elementor-section elementor-inner-section elementor-element elementor-element-3456353f elementor-section-height-min-height elementor-section-boxed elementor-section-height-default elementor-invisible\" data-id=\"3456353f\" data-element_type=\"section\" data-e-type=\"section\" data-settings=\"{&quot;animation&quot;:&quot;fadeInUp&quot;,&quot;jet_parallax_layout_list&quot;:[]}\">\n\t\t\t\t\t\t<div class=\"elementor-container elementor-column-gap-default\">\n\t\t\t\t\t<div class=\"elementor-column elementor-col-100 elementor-inner-column elementor-element elementor-element-1cd7c1b4\" data-id=\"1cd7c1b4\" data-element_type=\"column\" data-e-type=\"column\" data-settings=\"{&quot;background_background&quot;:&quot;classic&quot;}\">\n\t\t\t<div class=\"elementor-widget-wrap elementor-element-populated\">\n\t\t\t\t\t\t<div class=\"elementor-element elementor-element-75f088fa elementor-widget elementor-widget-heading\" data-id=\"75f088fa\" data-element_type=\"widget\" data-e-type=\"widget\" data-widget_type=\"heading.default\">\n\t\t\t\t<div class=\"elementor-widget-container\">\n\t\t\t\t\t<h6 class=\"elementor-heading-title elementor-size-default\">R\u00e9sum\u00e9s sur l'\u00e9ducation m\u00e9dicale<\/h6>\t\t\t\t<\/div>\n\t\t\t\t<\/div>\n\t\t\t\t<div class=\"elementor-element elementor-element-79ef2131 elementor-widget elementor-widget-heading\" data-id=\"79ef2131\" data-element_type=\"widget\" data-e-type=\"widget\" data-widget_type=\"heading.default\">\n\t\t\t\t<div class=\"elementor-widget-container\">\n\t\t\t\t\t<h2 class=\"elementor-heading-title elementor-size-default\">La liste des pr\u00e9sentations de r\u00e9sum\u00e9s sur l'\u00e9ducation m\u00e9dicale pour le CIMU, tr\u00e8s attendue, est maintenant accessible.<\/h2>\t\t\t\t<\/div>\n\t\t\t\t<\/div>\n\t\t\t\t<div class=\"elementor-element elementor-element-4d4b7e65 elementor-widget elementor-widget-text-editor\" data-id=\"4d4b7e65\" data-element_type=\"widget\" data-e-type=\"widget\" data-widget_type=\"text-editor.default\">\n\t\t\t\t<div class=\"elementor-widget-container\">\n\t\t\t\t\t\t\t\t\t<p>Entrez dans une mine de recherches et d'id\u00e9es pour personnaliser votre exp\u00e9rience au CIMU. Explorez des sujets allant des r\u00e9sultats de recherche de pointe aux pratiques \u00e9ducatives innovantes.<\/p>\n\n<p>Recherchez les r\u00e9sum\u00e9s surlign\u00e9s en bleu sarcelle, indiquant des pistes cibl\u00e9es qui approfondissent des domaines d'int\u00e9r\u00eat sp\u00e9cifiques. Cette ressource inestimable vous permet de planifier votre emploi du temps avec pr\u00e9cision, en veillant \u00e0 ce que toutes les sessions correspondent \u00e0 vos int\u00e9r\u00eats et \u00e0 vos objectifs.<\/p>\n\n<p>Tous les r\u00e9sum\u00e9s seront pr\u00e9sent\u00e9s dans la langue dans laquelle ils ont \u00e9t\u00e9 soumis, afin de garantir l'inclusivit\u00e9 et l'authenticit\u00e9.<\/p>\n\n<p>Veuillez noter que nous mettrons le document \u00e0 jour en permanence pour refl\u00e9ter les changements de salle\/d'horaire ou les annulations. Restez \u00e0 l'\u00e9coute pour les derni\u00e8res mises \u00e0 jour, car nous nous pr\u00e9parons \u00e0 un congr\u00e8s inoubliable, riche en d\u00e9couvertes, en collaboration et en inspiration.<\/p>\t\t\t\t\t\t\t\t<\/div>\n\t\t\t\t<\/div>\n\t\t\t\t\t<\/div>\n\t\t<\/div>\n\t\t\t\t\t<\/div>\n\t\t<\/section>\n\t\t\t\t\t<\/div>\n\t\t<\/div>\n\t\t\t\t\t<\/div>\n\t\t<\/section>\n\t\t\t\t<section class=\"elementor-section elementor-top-section elementor-element elementor-element-09c93d3 elementor-section-boxed elementor-section-height-default elementor-section-height-default\" data-id=\"09c93d3\" data-element_type=\"section\" data-e-type=\"section\" data-settings=\"{&quot;jet_parallax_layout_list&quot;:[]}\">\n\t\t\t\t\t\t<div class=\"elementor-container elementor-column-gap-default\">\n\t\t\t\t\t<div class=\"elementor-column elementor-col-100 elementor-top-column elementor-element elementor-element-065aaa8\" data-id=\"065aaa8\" data-element_type=\"column\" data-e-type=\"column\">\n\t\t\t<div class=\"elementor-widget-wrap elementor-element-populated\">\n\t\t\t\t\t\t<div class=\"elementor-element elementor-element-6fe245f elementor-align-center elementor-widget elementor-widget-button\" data-id=\"6fe245f\" data-element_type=\"widget\" data-e-type=\"widget\" data-widget_type=\"button.default\">\n\t\t\t\t<div class=\"elementor-widget-container\">\n\t\t\t\t\t\t\t\t\t<div class=\"elementor-button-wrapper\">\n\t\t\t\t\t<a class=\"elementor-button elementor-button-link elementor-size-sm\" href=\"https:\/\/icam-cimu.ca\/wp-content\/uploads\/2024\/02\/2024_ICAM_Medical_Abstracts_-_FR.pdf\" target=\"_blank\">\n\t\t\t\t\t\t<span class=\"elementor-button-content-wrapper\">\n\t\t\t\t\t\t\t\t\t<span class=\"elementor-button-text\">Consulter la liste des pr\u00e9sentations de r\u00e9sum\u00e9s sur l'\u00e9ducation m\u00e9dicale<\/span>\n\t\t\t\t\t<\/span>\n\t\t\t\t\t<\/a>\n\t\t\t\t<\/div>\n\t\t\t\t\t\t\t\t<\/div>\n\t\t\t\t<\/div>\n\t\t\t\t\t<\/div>\n\t\t<\/div>\n\t\t\t\t\t<\/div>\n\t\t<\/section>\n\t\t\t\t<\/div>","protected":false},"excerpt":{"rendered":"<p>Medical Education Abstracts The much-awaited list of medical education abstract presentations for ICAM is now accessible. Delve into the wealth of research and insights to tailor your ICAM experience. Explore topics ranging from cutting-edge research findings to innovative educational practices. Look for abstracts highlighted in teal blue, indicating focused tracks that delve deeper into specific [&hellip;]<\/p>\n","protected":false},"author":6,"featured_media":0,"parent":0,"menu_order":0,"comment_status":"closed","ping_status":"closed","template":"","meta":{"footnotes":""},"class_list":["post-5109","page","type-page","status-publish","hentry"],"aioseo_notices":[],"_links":{"self":[{"href":"https:\/\/icam-cimu.ca\/fr\/wp-json\/wp\/v2\/pages\/5109","targetHints":{"allow":["GET"]}}],"collection":[{"href":"https:\/\/icam-cimu.ca\/fr\/wp-json\/wp\/v2\/pages"}],"about":[{"href":"https:\/\/icam-cimu.ca\/fr\/wp-json\/wp\/v2\/types\/page"}],"author":[{"embeddable":true,"href":"https:\/\/icam-cimu.ca\/fr\/wp-json\/wp\/v2\/users\/6"}],"replies":[{"embeddable":true,"href":"https:\/\/icam-cimu.ca\/fr\/wp-json\/wp\/v2\/comments?post=5109"}],"version-history":[{"count":11,"href":"https:\/\/icam-cimu.ca\/fr\/wp-json\/wp\/v2\/pages\/5109\/revisions"}],"predecessor-version":[{"id":5551,"href":"https:\/\/icam-cimu.ca\/fr\/wp-json\/wp\/v2\/pages\/5109\/revisions\/5551"}],"wp:attachment":[{"href":"https:\/\/icam-cimu.ca\/fr\/wp-json\/wp\/v2\/media?parent=5109"}],"curies":[{"name":"wp","href":"https:\/\/api.w.org\/{rel}","templated":true}]}}