{"id":4720,"date":"2024-01-16T14:40:55","date_gmt":"2024-01-16T19:40:55","guid":{"rendered":"https:\/\/icam-cimu.ca\/?page_id=4720"},"modified":"2024-03-19T15:37:08","modified_gmt":"2024-03-19T19:37:08","slug":"scholarship-opportunities","status":"publish","type":"page","link":"https:\/\/icam-cimu.ca\/fr\/scholarship-opportunities\/","title":{"rendered":"Scholarship Opportunities"},"content":{"rendered":"<div data-elementor-type=\"wp-page\" data-elementor-id=\"4720\" class=\"elementor elementor-4720\" data-elementor-post-type=\"page\">\n\t\t\t\t\t\t<section class=\"elementor-section elementor-top-section elementor-element elementor-element-6b219c45 elementor-section-height-min-height elementor-section-items-top elementor-section-boxed elementor-section-height-default\" data-id=\"6b219c45\" data-element_type=\"section\" data-e-type=\"section\" data-settings=\"{&quot;background_background&quot;:&quot;video&quot;,&quot;background_video_link&quot;:&quot;https:\\\/\\\/icam-cimu.ca\\\/wp-content\\\/uploads\\\/2023\\\/01\\\/Full-Comp-Background-Bilingual_Loop-3-Rows.mp4&quot;,&quot;jet_parallax_layout_list&quot;:[]}\">\n\t\t\t\t\t\t\t\t<div class=\"elementor-background-video-container elementor-hidden-mobile\">\n\t\t\t\t\t\t\t\t\t\t\t\t\t<video class=\"elementor-background-video-hosted\" role=\"presentation\" autoplay muted playsinline loop><\/video>\n\t\t\t\t\t\t\t\t\t\t\t<\/div>\n\t\t\t\t\t\t\t\t<div class=\"elementor-container elementor-column-gap-default\">\n\t\t\t\t\t<div class=\"elementor-column elementor-col-100 elementor-top-column elementor-element elementor-element-7928c44\" data-id=\"7928c44\" data-element_type=\"column\" data-e-type=\"column\">\n\t\t\t<div class=\"elementor-widget-wrap\">\n\t\t\t\t\t\t\t<\/div>\n\t\t<\/div>\n\t\t\t\t\t<\/div>\n\t\t<\/section>\n\t\t\t\t<section class=\"elementor-section elementor-top-section elementor-element elementor-element-7ae130c6 elementor-section-boxed elementor-section-height-default elementor-section-height-default\" data-id=\"7ae130c6\" data-element_type=\"section\" data-e-type=\"section\" data-settings=\"{&quot;jet_parallax_layout_list&quot;:[]}\">\n\t\t\t\t\t\t<div class=\"elementor-container elementor-column-gap-default\">\n\t\t\t\t\t<div class=\"elementor-column elementor-col-100 elementor-top-column elementor-element elementor-element-4b75ed27\" data-id=\"4b75ed27\" data-element_type=\"column\" data-e-type=\"column\">\n\t\t\t<div class=\"elementor-widget-wrap elementor-element-populated\">\n\t\t\t\t\t\t<div class=\"elementor-element elementor-element-7c981897 elementor-widget elementor-widget-spacer\" data-id=\"7c981897\" data-element_type=\"widget\" data-e-type=\"widget\" data-widget_type=\"spacer.default\">\n\t\t\t\t<div class=\"elementor-widget-container\">\n\t\t\t\t\t\t\t<div class=\"elementor-spacer\">\n\t\t\t<div class=\"elementor-spacer-inner\"><\/div>\n\t\t<\/div>\n\t\t\t\t\t\t<\/div>\n\t\t\t\t<\/div>\n\t\t\t\t<div class=\"elementor-element elementor-element-0f5a396 elementor-tabs-view-horizontal elementor-widget elementor-widget-tabs\" data-id=\"0f5a396\" data-element_type=\"widget\" data-e-type=\"widget\" data-widget_type=\"tabs.default\">\n\t\t\t\t<div class=\"elementor-widget-container\">\n\t\t\t\t\t\t\t<div class=\"elementor-tabs\">\n\t\t\t<div class=\"elementor-tabs-wrapper\" role=\"tablist\" >\n\t\t\t\t\t\t\t\t\t<div id=\"elementor-tab-title-1601\" class=\"elementor-tab-title elementor-tab-desktop-title\" aria-selected=\"true\" data-tab=\"1\" role=\"tab\" tabindex=\"0\" aria-controls=\"elementor-tab-content-1601\" aria-expanded=\"false\">CMPA Equity Scholarship <\/div>\n\t\t\t\t\t\t\t<\/div>\n\t\t\t<div class=\"elementor-tabs-content-wrapper\" role=\"tablist\" aria-orientation=\"vertical\">\n\t\t\t\t\t\t\t\t\t<div class=\"elementor-tab-title elementor-tab-mobile-title\" aria-selected=\"true\" data-tab=\"1\" role=\"tab\" tabindex=\"0\" aria-controls=\"elementor-tab-content-1601\" aria-expanded=\"false\">CMPA Equity Scholarship <\/div>\n\t\t\t\t\t<div id=\"elementor-tab-content-1601\" class=\"elementor-tab-content elementor-clearfix\" data-tab=\"1\" role=\"tabpanel\" aria-labelledby=\"elementor-tab-title-1601\" tabindex=\"0\" hidden=\"false\"><h3>Candidatures : Bourse de l\u2019ACPM pour l\u2019\u00e9quit\u00e9 \u2013 Congr\u00e8s international de m\u00e9decine universitaire<\/h3><p><a href=\"https:\/\/www.cmpa-acpm.ca\/fr\/home\"><strong><em>L\u2019Association canadienne de protection m\u00e9dicale (ACPM)<\/em><\/strong><\/a>\u00a0a \u00e0 c\u0153ur de promouvoir l\u2019\u00e9quit\u00e9, la diversit\u00e9 et l\u2019inclusion (EDI). Elle reconna\u00eet en outre les obstacles et in\u00e9galit\u00e9s syst\u00e9miques ainsi que les d\u00e9fis socio\u00e9conomiques auxquels peuvent faire face les personnes qui, dans l\u2019auditoire cible du Congr\u00e8s international de m\u00e9decine universitaire (CIMU), sont sous-repr\u00e9sent\u00e9es. L\u2019Association prend donc des mesures pour que les personnes issues de groupes m\u00e9ritant l\u2019\u00e9quit\u00e9 et qui s\u2019identifient comme personnes noires, autochtones ou racis\u00e9es soient mieux en mesure de contribuer \u00e0 la transmission de leurs connaissances et r\u00e9sultats de recherche en sant\u00e9. Elle reconna\u00eet en outre les obstacles et in\u00e9galit\u00e9s syst\u00e9miques ainsi que les d\u00e9fis socio\u00e9conomiques auxquels peuvent faire face les personnes qui, dans l\u2019auditoire cible du Congr\u00e8s international de m\u00e9decine universitaire (CIMU), sont sous-repr\u00e9sent\u00e9es. L\u2019Association prend donc des mesures pour que les personnes issues de groupes m\u00e9ritant l\u2019\u00e9quit\u00e9 et qui s\u2019identifient comme personnes noires, autochtones ou racis\u00e9es soient mieux en mesure de contribuer \u00e0 la transmission de leurs connaissances et r\u00e9sultats de recherche en sant\u00e9.<\/p><p>C\u2019est dans cette optique que l\u2019ACPM\u00a0<strong>a cr\u00e9\u00e9 une\u00a0<a href=\"https:\/\/www.cmpa-acpm.ca\/fr\/news\/2023\/apply-to-the-cmpa-equity-scholarship-for-the-international-congress-on-academic-medicine-icam\">bourse pour l\u2019\u00e9quit\u00e9<\/a><\/strong>\u00a0: elle vise \u00e0 aider les m\u00e9decins et les stagiaires en m\u00e9decine qui s\u2019identifient comme personnes noires, autochtones (Premi\u00e8res Nations, Inuits et M\u00e9tis) ou racis\u00e9es \u00e0 assister au Congr\u00e8s international de m\u00e9decine universitaire (CIMU).<\/p><h4><em>\u00c0 propos de la Bourse de l\u2019ACPM pour l\u2019\u00e9quit\u00e9<\/em><\/h4><p>L\u2019ACPM remettra un total de trois (3) bourses pour l\u2019\u00e9quit\u00e9, dont les r\u00e9cipiendaires pourront assister au CIMU 2024 \u00e0 Vancouver, en Colombie-Britannique,\u00a0<strong>du 12 au 15 avril 2024.<\/strong><\/p><p>La bourse couvre uniquement le co\u00fbt de l\u2019inscription individuelle (toutes cat\u00e9gories). Les frais suppl\u00e9mentaires \u2013 voyage, h\u00e9bergement, repas et frais accessoires, entre autres \u2013 ne sont pas couverts par la bourse.<\/p><h5>Comment poser sa candidature (date limite : 31 janvier 2024)<\/h5><p>Pour solliciter la Bourse de l\u2019ACPM pour l\u2019\u00e9quit\u00e9, veuillez suivre les \u00e9tapes suivantes :<\/p><ol><li>Expliquez bri\u00e8vement en quoi votre participation au CIMU 2024 serait profitable pour votre avenir et pourquoi il est important pour vous d\u2019assister \u00e0 ce congr\u00e8s (maximum de 400 mots).<\/li><li>Joignez un curriculum vit\u00e6 \u00e0 jour \u00e0 votre candidature.<\/li><li>Soumettez votre candidature en fran\u00e7ais ou en anglais \u00e0 l\u2019adresse\u00a0<a href=\"mailto:advocacy@cmpa.org\"><em>advocacy@cmpa.org<\/em><\/a>\u00a0d\u2019ici le\u00a0<strong>31 janvier 2024. Les personnes retenues en seront avis\u00e9es d\u2019ici le 28 f\u00e9vrier 2024.\u00a0<\/strong><\/li><\/ol><p>Un comit\u00e9 de s\u00e9lection \u00e9tudiera toutes les candidatures et d\u00e9cernera les bourses en fonction des besoins et du dossier de candidature.<\/p><\/div>\n\t\t\t\t\t\t\t<\/div>\n\t\t<\/div>\n\t\t\t\t\t\t<\/div>\n\t\t\t\t<\/div>\n\t\t\t\t\t<\/div>\n\t\t<\/div>\n\t\t\t\t\t<\/div>\n\t\t<\/section>\n\t\t\t\t<\/div>","protected":false},"excerpt":{"rendered":"<p>CMPA Equity Scholarship CMPA Equity Scholarship Apply to the CMPA Equity Scholarship for the International Congress on Academic Medicine (ICAM) The Canadian Medical Protective Association (CMPA)\u00a0is committed to equity, diversity, and inclusion (EDI) and recognizes the systemic barriers and inequities, and socioeconomic challenges that potential ICAM participants who are underrepresented may face. As such, we [&hellip;]<\/p>\n","protected":false},"author":6,"featured_media":0,"parent":0,"menu_order":0,"comment_status":"closed","ping_status":"closed","template":"","meta":{"footnotes":""},"class_list":["post-4720","page","type-page","status-publish","hentry"],"aioseo_notices":[],"_links":{"self":[{"href":"https:\/\/icam-cimu.ca\/fr\/wp-json\/wp\/v2\/pages\/4720","targetHints":{"allow":["GET"]}}],"collection":[{"href":"https:\/\/icam-cimu.ca\/fr\/wp-json\/wp\/v2\/pages"}],"about":[{"href":"https:\/\/icam-cimu.ca\/fr\/wp-json\/wp\/v2\/types\/page"}],"author":[{"embeddable":true,"href":"https:\/\/icam-cimu.ca\/fr\/wp-json\/wp\/v2\/users\/6"}],"replies":[{"embeddable":true,"href":"https:\/\/icam-cimu.ca\/fr\/wp-json\/wp\/v2\/comments?post=4720"}],"version-history":[{"count":16,"href":"https:\/\/icam-cimu.ca\/fr\/wp-json\/wp\/v2\/pages\/4720\/revisions"}],"predecessor-version":[{"id":5382,"href":"https:\/\/icam-cimu.ca\/fr\/wp-json\/wp\/v2\/pages\/4720\/revisions\/5382"}],"wp:attachment":[{"href":"https:\/\/icam-cimu.ca\/fr\/wp-json\/wp\/v2\/media?parent=4720"}],"curies":[{"name":"wp","href":"https:\/\/api.w.org\/{rel}","templated":true}]}}