{"id":4550,"date":"2023-11-22T12:25:24","date_gmt":"2023-11-22T17:25:24","guid":{"rendered":"https:\/\/icam-cimu.ca\/?page_id=4550"},"modified":"2024-04-17T14:50:24","modified_gmt":"2024-04-17T18:50:24","slug":"program","status":"publish","type":"page","link":"https:\/\/icam-cimu.ca\/fr\/program\/","title":{"rendered":"Programme"},"content":{"rendered":"<div data-elementor-type=\"wp-page\" data-elementor-id=\"4550\" class=\"elementor elementor-4550\" data-elementor-post-type=\"page\">\n\t\t\t\t\t\t<section class=\"elementor-section elementor-top-section elementor-element elementor-element-1a69d3ef elementor-section-height-min-height elementor-section-items-top elementor-section-boxed elementor-section-height-default\" data-id=\"1a69d3ef\" data-element_type=\"section\" data-e-type=\"section\" data-settings=\"{&quot;background_background&quot;:&quot;video&quot;,&quot;background_video_link&quot;:&quot;https:\\\/\\\/icam-cimu.ca\\\/wp-content\\\/uploads\\\/2023\\\/01\\\/Full-Comp-Background-Bilingual_Loop-3-Rows.mp4&quot;,&quot;jet_parallax_layout_list&quot;:[]}\">\n\t\t\t\t\t\t\t\t<div class=\"elementor-background-video-container elementor-hidden-mobile\">\n\t\t\t\t\t\t\t\t\t\t\t\t\t<video class=\"elementor-background-video-hosted\" role=\"presentation\" autoplay muted playsinline loop><\/video>\n\t\t\t\t\t\t\t\t\t\t\t<\/div>\n\t\t\t\t\t\t\t\t<div class=\"elementor-container elementor-column-gap-default\">\n\t\t\t\t\t<div class=\"elementor-column elementor-col-100 elementor-top-column elementor-element elementor-element-39e33131\" data-id=\"39e33131\" data-element_type=\"column\" data-e-type=\"column\">\n\t\t\t<div class=\"elementor-widget-wrap\">\n\t\t\t\t\t\t\t<\/div>\n\t\t<\/div>\n\t\t\t\t\t<\/div>\n\t\t<\/section>\n\t\t\t\t<section class=\"elementor-section elementor-top-section elementor-element elementor-element-56cbd37 elementor-section-boxed elementor-section-height-default elementor-section-height-default\" data-id=\"56cbd37\" data-element_type=\"section\" data-e-type=\"section\" data-settings=\"{&quot;jet_parallax_layout_list&quot;:[]}\">\n\t\t\t\t\t\t<div class=\"elementor-container elementor-column-gap-default\">\n\t\t\t\t\t<div class=\"elementor-column elementor-col-100 elementor-top-column elementor-element elementor-element-2f25486a\" data-id=\"2f25486a\" data-element_type=\"column\" data-e-type=\"column\">\n\t\t\t<div class=\"elementor-widget-wrap elementor-element-populated\">\n\t\t\t\t\t\t<section class=\"elementor-section elementor-inner-section elementor-element elementor-element-351aa35f elementor-section-height-min-height elementor-section-boxed elementor-section-height-default elementor-invisible\" data-id=\"351aa35f\" data-element_type=\"section\" data-e-type=\"section\" data-settings=\"{&quot;animation&quot;:&quot;fadeInUp&quot;,&quot;jet_parallax_layout_list&quot;:[]}\">\n\t\t\t\t\t\t<div class=\"elementor-container elementor-column-gap-default\">\n\t\t\t\t\t<div class=\"elementor-column elementor-col-100 elementor-inner-column elementor-element elementor-element-4897946c\" data-id=\"4897946c\" data-element_type=\"column\" data-e-type=\"column\" data-settings=\"{&quot;background_background&quot;:&quot;classic&quot;}\">\n\t\t\t<div class=\"elementor-widget-wrap elementor-element-populated\">\n\t\t\t\t\t\t<div class=\"elementor-element elementor-element-4edf983e elementor-widget elementor-widget-heading\" data-id=\"4edf983e\" data-element_type=\"widget\" data-e-type=\"widget\" data-widget_type=\"heading.default\">\n\t\t\t\t<div class=\"elementor-widget-container\">\n\t\t\t\t\t<h6 class=\"elementor-heading-title elementor-size-default\">CIMU 2024<\/h6>\t\t\t\t<\/div>\n\t\t\t\t<\/div>\n\t\t\t\t<div class=\"elementor-element elementor-element-3e0b2870 elementor-widget elementor-widget-heading\" data-id=\"3e0b2870\" data-element_type=\"widget\" data-e-type=\"widget\" data-widget_type=\"heading.default\">\n\t\t\t\t<div class=\"elementor-widget-container\">\n\t\t\t\t\t<h2 class=\"elementor-heading-title elementor-size-default\">Le Programme Complet de CIMU est D\u00e9sormais en Ligne ! <\/h2>\t\t\t\t<\/div>\n\t\t\t\t<\/div>\n\t\t\t\t<div class=\"elementor-element elementor-element-218b47b7 elementor-widget elementor-widget-text-editor\" data-id=\"218b47b7\" data-element_type=\"widget\" data-e-type=\"widget\" data-widget_type=\"text-editor.default\">\n\t\t\t\t<div class=\"elementor-widget-container\">\n\t\t\t\t\t\t\t\t\t<p style=\"margin-bottom: 8.25pt;\"><span style=\"font-family: 'Aptos',sans-serif;\">Nous sommes ravis d'annoncer que le programme complet pour CIMU est maintenant disponible pour consultation sur notre site web ! Plongez dans la gamme compl\u00e8te des s\u00e9ances, intervenants et \u00e9v\u00e9nements qui vous attendent au congr\u00e8s de cette ann\u00e9e.<\/span><\/p><p style=\"margin-bottom: 8.25pt;\"><span style=\"font-family: 'Aptos',sans-serif;\">Mais attendez, il y a plus ! Nous ajouterons continuellement du nouveau contenu au programme, alors assurez-vous de revenir r\u00e9guli\u00e8rement pour les mises \u00e0 jour. \u00c0 chaque visite, vous d\u00e9couvrirez encore plus d'opportunit\u00e9s pour \u00e9largir vos connaissances, r\u00e9seauter avec des pairs et tirer le meilleur parti de votre exp\u00e9rience CIMU.<\/span><\/p><p style=\"margin-bottom: 8.25pt;\"><span style=\"font-family: 'Aptos',sans-serif;\">Ne manquez pas cette occasion\u2014explorez le programme complet d\u00e8s aujourd'hui et commencez \u00e0 planifier votre voyage CIMU !<\/span><\/p>\t\t\t\t\t\t\t\t<\/div>\n\t\t\t\t<\/div>\n\t\t\t\t\t<\/div>\n\t\t<\/div>\n\t\t\t\t\t<\/div>\n\t\t<\/section>\n\t\t\t\t\t<\/div>\n\t\t<\/div>\n\t\t\t\t\t<\/div>\n\t\t<\/section>\n\t\t\t\t<section class=\"elementor-section elementor-top-section elementor-element elementor-element-7fad0822 elementor-section-boxed elementor-section-height-default elementor-section-height-default\" data-id=\"7fad0822\" data-element_type=\"section\" data-e-type=\"section\" data-settings=\"{&quot;jet_parallax_layout_list&quot;:[]}\">\n\t\t\t\t\t\t<div class=\"elementor-container elementor-column-gap-default\">\n\t\t\t\t\t<div class=\"elementor-column elementor-col-100 elementor-top-column elementor-element elementor-element-56690cf6\" data-id=\"56690cf6\" data-element_type=\"column\" data-e-type=\"column\">\n\t\t\t<div class=\"elementor-widget-wrap elementor-element-populated\">\n\t\t\t\t\t\t<div class=\"elementor-element elementor-element-1d96a59 elementor-align-center elementor-widget elementor-widget-button\" data-id=\"1d96a59\" data-element_type=\"widget\" data-e-type=\"widget\" data-widget_type=\"button.default\">\n\t\t\t\t<div class=\"elementor-widget-container\">\n\t\t\t\t\t\t\t\t\t<div class=\"elementor-button-wrapper\">\n\t\t\t\t\t<a class=\"elementor-button elementor-button-link elementor-size-sm\" href=\"https:\/\/icam-cimu.ca\/wp-content\/uploads\/2024\/04\/CIMU-2024-Programme-complet-4.pdf\" target=\"_blank\">\n\t\t\t\t\t\t<span class=\"elementor-button-content-wrapper\">\n\t\t\t\t\t\t\t\t\t<span class=\"elementor-button-text\">T\u00c9L\u00c9CHARGER MAINTENANT<\/span>\n\t\t\t\t\t<\/span>\n\t\t\t\t\t<\/a>\n\t\t\t\t<\/div>\n\t\t\t\t\t\t\t\t<\/div>\n\t\t\t\t<\/div>\n\t\t\t\t\t<\/div>\n\t\t<\/div>\n\t\t\t\t\t<\/div>\n\t\t<\/section>\n\t\t\t\t<\/div>","protected":false},"excerpt":{"rendered":"<p>ICAM 2024 ICAM Full Program Now Live! We&#8217;re thrilled to announce that the complete program for ICAM is now available for review on our website! Dive into the comprehensive lineup of sessions, speakers, and events that await you at this year&#8217;s congress. But wait, there&#8217;s more! We&#8217;ll be continuously adding new content to the program, [&hellip;]<\/p>\n","protected":false},"author":6,"featured_media":0,"parent":0,"menu_order":0,"comment_status":"closed","ping_status":"closed","template":"","meta":{"footnotes":""},"class_list":["post-4550","page","type-page","status-publish","hentry"],"aioseo_notices":[],"_links":{"self":[{"href":"https:\/\/icam-cimu.ca\/fr\/wp-json\/wp\/v2\/pages\/4550","targetHints":{"allow":["GET"]}}],"collection":[{"href":"https:\/\/icam-cimu.ca\/fr\/wp-json\/wp\/v2\/pages"}],"about":[{"href":"https:\/\/icam-cimu.ca\/fr\/wp-json\/wp\/v2\/types\/page"}],"author":[{"embeddable":true,"href":"https:\/\/icam-cimu.ca\/fr\/wp-json\/wp\/v2\/users\/6"}],"replies":[{"embeddable":true,"href":"https:\/\/icam-cimu.ca\/fr\/wp-json\/wp\/v2\/comments?post=4550"}],"version-history":[{"count":22,"href":"https:\/\/icam-cimu.ca\/fr\/wp-json\/wp\/v2\/pages\/4550\/revisions"}],"predecessor-version":[{"id":5473,"href":"https:\/\/icam-cimu.ca\/fr\/wp-json\/wp\/v2\/pages\/4550\/revisions\/5473"}],"wp:attachment":[{"href":"https:\/\/icam-cimu.ca\/fr\/wp-json\/wp\/v2\/media?parent=4550"}],"curies":[{"name":"wp","href":"https:\/\/api.w.org\/{rel}","templated":true}]}}